{"id":5680,"date":"2020-07-29T14:12:24","date_gmt":"2020-07-29T12:12:24","guid":{"rendered":"https:\/\/duisburg.dakd.de\/?page_id=5680"},"modified":"2024-09-20T11:56:54","modified_gmt":"2024-09-20T09:56:54","slug":"gemeindepfarrer","status":"publish","type":"page","link":"https:\/\/duisburg.dakd.de\/am\/gemeindepfarrer\/","title":{"rendered":"Gemeindepfarrer"},"content":{"rendered":"<p><div class=\"fusion-fullwidth fullwidth-box fusion-builder-row-1 fusion-flex-container nonhundred-percent-fullwidth non-hundred-percent-height-scrolling\" style=\"--awb-border-radius-top-left:0px;--awb-border-radius-top-right:0px;--awb-border-radius-bottom-right:0px;--awb-border-radius-bottom-left:0px;--awb-padding-right:12%;--awb-padding-bottom:0%;--awb-padding-left:12%;--awb-padding-right-medium:8%;--awb-padding-left-medium:8%;--awb-padding-right-small:40px;--awb-padding-left-small:40px;--awb-flex-wrap:wrap;\" ><div class=\"fusion-builder-row fusion-row fusion-flex-align-items-flex-start fusion-flex-content-wrap\" style=\"max-width:1248px;margin-left: calc(-4% \/ 2 );margin-right: calc(-4% \/ 2 );\"><div class=\"fusion-layout-column fusion_builder_column fusion-builder-column-0 fusion_builder_column_1_3 1_3 fusion-flex-column fusion-animated\" style=\"--awb-bg-size:cover;--awb-width-large:33.333333333333%;--awb-margin-top-large:0px;--awb-spacing-right-large:8.064%;--awb-margin-bottom-large:20px;--awb-spacing-left-large:5.76%;--awb-width-medium:100%;--awb-spacing-right-medium:1.92%;--awb-spacing-left-medium:1.92%;--awb-width-small:100%;--awb-spacing-right-small:1.92%;--awb-spacing-left-small:1.92%;\" data-animationtype=\"fadeInLeft\" data-animationduration=\"1.0\" data-animationoffset=\"top-into-view\"><div class=\"fusion-column-wrapper fusion-column-has-shadow fusion-flex-justify-content-flex-start fusion-content-layout-column\"><div class=\"fusion-image-element\" style=\"--awb-caption-title-font-family:var(--h2_typography-font-family);--awb-caption-title-font-weight:var(--h2_typography-font-weight);--awb-caption-title-font-style:var(--h2_typography-font-style);--awb-caption-title-size:var(--h2_typography-font-size);--awb-caption-title-transform:var(--h2_typography-text-transform);--awb-caption-title-line-height:var(--h2_typography-line-height);--awb-caption-title-letter-spacing:var(--h2_typography-letter-spacing);\"><span class=\"fusion-imageframe imageframe-none imageframe-1 hover-type-none\"><img decoding=\"async\" width=\"1044\" height=\"1237\" title=\"lkn4wyis\" src=\"https:\/\/duisburg.dakd.de\/wp-content\/uploads\/2024\/05\/lkn4wyis.jpg\" alt class=\"img-responsive wp-image-17218\" srcset=\"https:\/\/duisburg.dakd.de\/wp-content\/uploads\/2024\/05\/lkn4wyis-200x237.jpg 200w, https:\/\/duisburg.dakd.de\/wp-content\/uploads\/2024\/05\/lkn4wyis-400x474.jpg 400w, https:\/\/duisburg.dakd.de\/wp-content\/uploads\/2024\/05\/lkn4wyis-600x711.jpg 600w, https:\/\/duisburg.dakd.de\/wp-content\/uploads\/2024\/05\/lkn4wyis-800x948.jpg 800w, https:\/\/duisburg.dakd.de\/wp-content\/uploads\/2024\/05\/lkn4wyis.jpg 1044w\" sizes=\"(max-width: 1024px) 100vw, (max-width: 640px) 100vw, 400px\" \/><\/span><\/div><div class=\"fusion-separator fusion-full-width-sep\" style=\"align-self: center;margin-left: auto;margin-right: auto;margin-top:20px;width:100%;\"><\/div><div ><a class=\"fusion-button button-flat button-xlarge button-default fusion-button-default button-1 fusion-button-default-span fusion-button-default-type\" target=\"_self\" href=\"https:\/\/koeln.dakd.de\/wp-admin\/customize.php?url=https%3A%2F%2Fkoeln.dakd.de%2Fgemeindepfarrer%2F\"><span class=\"fusion-button-text\">Archimandrit Yeghishe Avetisyan<\/span><\/a><\/div><div class=\"fusion-separator fusion-full-width-sep\" style=\"align-self: center;margin-left: auto;margin-right: auto;margin-top:20px;width:100%;\"><\/div><div class=\"fusion-social-links fusion-social-links-1\" style=\"--awb-margin-top:0px;--awb-margin-right:0px;--awb-margin-bottom:0px;--awb-margin-left:0px;--awb-box-border-top:0px;--awb-box-border-right:0px;--awb-box-border-bottom:0px;--awb-box-border-left:0px;--awb-icon-colors-hover:rgba(158,160,164,0.8);--awb-box-colors-hover:rgba(242,243,245,0.8);--awb-box-border-color:var(--awb-color3);--awb-box-border-color-hover:var(--awb-color4);\"><div class=\"fusion-social-networks color-type-custom\"><div class=\"fusion-social-networks-wrapper\"><a class=\"fusion-social-network-icon fusion-tooltip fusion-facebook fa-facebook-f fab\" style=\"color:#9ea0a4;font-size:16px;\" data-placement=\"top\" data-title=\"Facebook\" data-toggle=\"tooltip\" title=\"Facebook\" aria-label=\"facebook\" target=\"_blank\" rel=\"noopener noreferrer\" href=\"https:\/\/www.facebook.com\/VahridschBaghdasaryan\"><\/a><a class=\"fusion-social-network-icon fusion-tooltip fusion-mail awb-icon-mail\" style=\"color:#9ea0a4;font-size:16px;\" data-placement=\"top\" data-title=\"Email\" data-toggle=\"tooltip\" title=\"Email\" aria-label=\"mail\" target=\"_blank\" rel=\"noopener noreferrer\" href=\"mailto:pfr.b&#097;g&#104;dasa&#114;&#121;an&#064;duisb&#117;&#114;g&#046;dak&#100;&#046;&#100;e\"><\/a><a class=\"fusion-social-network-icon fusion-tooltip fusion-blogger awb-icon-blogger\" style=\"color:#9ea0a4;font-size:16px;\" data-placement=\"top\" data-title=\"Blogger\" data-toggle=\"tooltip\" title=\"Blogger\" aria-label=\"blogger\" target=\"_blank\" rel=\"noopener noreferrer\" href=\"https:\/\/www.facebook.com\/yeghishe.vardapet\"><\/a><\/div><\/div><\/div><\/div><\/div><div class=\"fusion-layout-column fusion_builder_column fusion-builder-column-1 fusion_builder_column_2_3 2_3 fusion-flex-column fusion-animated\" style=\"--awb-bg-size:cover;--awb-width-large:66.666666666667%;--awb-margin-top-large:0px;--awb-spacing-right-large:2.88%;--awb-margin-bottom-large:20px;--awb-spacing-left-large:6.048%;--awb-width-medium:100%;--awb-spacing-right-medium:1.92%;--awb-spacing-left-medium:1.92%;--awb-width-small:100%;--awb-spacing-right-small:1.92%;--awb-spacing-left-small:1.92%;\" data-animationtype=\"fadeInRight\" data-animationduration=\"1.0\" data-animationoffset=\"top-into-view\"><div class=\"fusion-column-wrapper fusion-column-has-shadow fusion-flex-justify-content-flex-start fusion-content-layout-column\"><div class=\"fusion-text fusion-text-1 awb-text-cols fusion-text-columns-2 fusion-no-small-visibility\" style=\"--awb-text-transform:none;--awb-columns:2;--awb-column-spacing:2em;--awb-column-min-width:100px;\"><div class=\"fusion-fullwidth fullwidth-box fusion-builder-row-1 fusion-flex-container nonhundred-percent-fullwidth non-hundred-percent-height-scrolling\">\n<div class=\"fusion-builder-row fusion-row fusion-flex-align-items-flex-start\">\n<div class=\"fusion-layout-column fusion_builder_column fusion-builder-column-1 fusion_builder_column_2_3 2_3 fusion-flex-column fusion-animated\" data-animationtype=\"fadeInRight\" data-animationduration=\"1.0\" data-animationoffset=\"top-into-view\">\n<div class=\"fusion-column-wrapper fusion-flex-justify-content-flex-start fusion-content-layout-column\">\n<div class=\"fusion-text fusion-text-1 fusion-text-split-columns fusion-text-columns-2 fusion-no-small-visibility\">\n<p><span class=\"fusion-dropcap dropcap\">G<\/span>em\u00e4\u00df dem Segen und der Anordnung S. E. Bischof Serovp\u00e9 Isakhanyan, dem Primas der Di\u00f6zese der Armenischen Apostolischen Kirche in Deutschland, wurde Archimandrit Yeghishe Avetisyan\u00a0 ab September 2018 als Gemeindepfarrer in und um Berlin eingesetzt.<\/p>\n<p>Vater\u00a0Yeghishe\u00a0Avetisyan, mit dem Taufnamen\u00a0Khachik, wurde 1977 in\u00a0Musaler\u00a0(Armenien) geboren. Er ist ein z\u00f6libat\u00e4rer Priester.<\/p>\n<p>Er studierte im Vazgenian Pristerseminar in Sewan\/Armenien und absolvierte sein Magisterstudium an der Theologischen Gevorgyan Akademie in St. Etschmiadzin, mit seiner Magisterarbeit zum Thema \u201eDas Leben und die T\u00e4tigkeit des Archimandriten Howhannes aus Yerzinka-Tsortsor\u201c. Ein weiteres Studium nahm er an der Fakult\u00e4t f\u00fcr Geschichte an der Staatlichen Universit\u00e4t Jerewan auf. Sein Vartabetentitel erlangte er durch seine Diplomarbeit \u201eBuch der Zuf\u00fcgung\u201c von Gregor aus Sanahin, Sohn von Abas.<\/p>\n<p>Seinen Dienst in der Armenischen Kirche begann Vater Yeghishe im Jahre 1994 im Vazgenian Pristerseminar in Sewan. Ab 2001 f\u00fchrte er seinen Dienst als Diakon in der Schatzkammer von St. Etschmiadzin, sowie in Museen und im Christlichen Erziehungszentrum weiter. Zugleich diente er im Kloster Geghard als ausbildender Geistlicher. Am 27. Februar 2003 empfing er\u00a0 durch Erzbischof Pargev Martirosyan die Priesterweihe am Verkl\u00e4rungsfest und erhielt den Ordensnamen Yeghishe.<\/p>\n<p>In seinem geistlichen Werdegang sammelte Vater Yeghishe Avetisyan Erfahrungen als Priester und Lehrer sowohl in Armeniens Klostern und Kirchen, als auch in Belgien (katholischer Kloster Sefton). 2008 bis 2011 diente er als Gemeindepfarrer in Berlin und Umgebung. Nach seiner R\u00fcckkehr nach Armenien wurde er zum geistlichen Seelsorger f\u00fcr den Weltverband der jungen Menschen bei der Armenischen Kirche ernannt.<\/p>\n<p>2013 bis 2018 diente er auf Anordnung des Katholikos Aller Armenier in Schweden. Seit 2018 ist Vater Yeghische erneut in Deutschland und diente bis Mitte M\u00e4rz 2024 als Gemeindepfarrer in Berlin und Umgebung. Ab Mitte M\u00e4rz 2024 wurde er mit der Betreuung der Gemeinde K\u00f6ln und Umgebung beauftragt.<\/p>\n<\/div>\n<\/div>\n<\/div>\n<\/div>\n<\/div>\n<div class=\"fusion-fullwidth fullwidth-box fusion-builder-row-2 fusion-flex-container nonhundred-percent-fullwidth non-hundred-percent-height-scrolling\">\n<div class=\"fusion-builder-row fusion-row fusion-flex-align-items-stretch\">\n<div class=\"fusion-layout-column fusion_builder_column fusion-builder-column-4 fusion_builder_column_1_1 1_1 fusion-flex-column fusion-animated\" data-animationtype=\"fadeInDown\" data-animationduration=\"1.0\" data-animationoffset=\"top-into-view\">\n<div class=\"fusion-column-wrapper fusion-flex-justify-content-flex-start fusion-content-layout-column\">\n<div class=\"fusion-text fusion-text-3\">\n<blockquote>\n<p data-fusion-font=\"true\"><em>\u201eDie Armenische Apostolische Kirche ist eine betende Gemeinschaft. Hier treten Geistliche und Laien mit Gebeten und Gottesdiensten f\u00fcr andere ein. Wieder und wieder betet die Kirche f\u00fcr den Frieden und setzt sich daf\u00fcr ein, nicht nur mit dem Gebet, sondern auch mit ihrem t\u00e4glichen Deinst f\u00fcr den Menschen.\u201c<\/em><\/p>\n<p data-fusion-font=\"true\"><em>Pfr. Yegische vrd. Avetisyan<\/em><\/p>\n<\/blockquote>\n<p data-fusion-font=\"true\">\n<\/div>\n<\/div>\n<\/div>\n<\/div>\n<\/div>\n<p>Kontakt:<br \/>\nTel.: 0152 05346878<br \/>\npfr.avetisyan@dakd.de<\/p>\n<\/div><div class=\"fusion-text fusion-text-2 awb-text-cols fusion-text-columns-2 fusion-no-medium-visibility fusion-no-large-visibility\" style=\"--awb-text-transform:none;--awb-columns:2;--awb-column-spacing:2em;--awb-column-min-width:100px;\"><\/div><\/div><\/div><div class=\"fusion-layout-column fusion_builder_column fusion-builder-column-2 fusion_builder_column_1_1 1_1 fusion-flex-column\" style=\"--awb-bg-size:cover;--awb-width-large:100%;--awb-margin-top-large:0px;--awb-spacing-right-large:1.92%;--awb-margin-bottom-large:20px;--awb-spacing-left-large:1.92%;--awb-width-medium:100%;--awb-order-medium:0;--awb-spacing-right-medium:1.92%;--awb-spacing-left-medium:1.92%;--awb-width-small:100%;--awb-order-small:0;--awb-spacing-right-small:1.92%;--awb-spacing-left-small:1.92%;\"><div class=\"fusion-column-wrapper fusion-column-has-shadow fusion-flex-justify-content-flex-start fusion-content-layout-column\"><div class=\"fusion-separator fusion-full-width-sep\" style=\"align-self: center;margin-left: auto;margin-right: auto;margin-top:6%;width:100%;\"><div class=\"fusion-separator-border sep-single sep-solid\" style=\"--awb-height:20px;--awb-amount:20px;border-color:#e2e2e2;border-top-width:1px;\"><\/div><\/div><\/div><\/div><\/div><\/div><div class=\"fusion-fullwidth fullwidth-box fusion-builder-row-2 fusion-flex-container nonhundred-percent-fullwidth non-hundred-percent-height-scrolling\" style=\"--awb-border-radius-top-left:0px;--awb-border-radius-top-right:0px;--awb-border-radius-bottom-right:0px;--awb-border-radius-bottom-left:0px;--awb-padding-top:6%;--awb-padding-right:12%;--awb-padding-bottom:4%;--awb-padding-left:12%;--awb-padding-right-medium:35px;--awb-padding-left-medium:35px;--awb-padding-right-small:30px;--awb-padding-left-small:30px;--awb-flex-wrap:wrap;\" ><div class=\"fusion-builder-row fusion-row fusion-flex-align-items-stretch fusion-flex-content-wrap\" style=\"max-width:1248px;margin-left: calc(-4% \/ 2 );margin-right: calc(-4% \/ 2 );\"><div class=\"fusion-layout-column fusion_builder_column fusion-builder-column-3 fusion_builder_column_1_1 1_1 fusion-flex-column\" style=\"--awb-bg-size:cover;--awb-width-large:100%;--awb-margin-top-large:0px;--awb-spacing-right-large:1.92%;--awb-margin-bottom-large:20px;--awb-spacing-left-large:1.92%;--awb-width-medium:100%;--awb-order-medium:0;--awb-spacing-right-medium:1.92%;--awb-spacing-left-medium:1.92%;--awb-width-small:100%;--awb-order-small:0;--awb-spacing-right-small:1.92%;--awb-spacing-left-small:1.92%;\"><div class=\"fusion-column-wrapper fusion-column-has-shadow fusion-flex-justify-content-flex-start fusion-content-layout-column\"><div class=\"fusion-image-carousel fusion-image-carousel-auto fusion-image-carousel-1 fusion-carousel-border\"><div class=\"awb-carousel awb-swiper awb-swiper-carousel\" data-autoplay=\"no\" data-columns=\"1\" data-itemmargin=\"15\" data-itemwidth=\"180\" data-touchscroll=\"no\" data-imagesize=\"auto\" style=\"--awb-columns:1;--awb-column-spacing:15px;\"><div class=\"swiper-wrapper awb-image-carousel-wrapper fusion-flex-align-items-center\"><div class=\"swiper-slide\"><div class=\"fusion-carousel-item-wrapper\"><div class=\"fusion-image-wrapper hover-type-none\"><img decoding=\"async\" width=\"2016\" height=\"954\" src=\"https:\/\/duisburg.dakd.de\/wp-content\/uploads\/2024\/08\/IMG-20240401-WA00781.jpg\" class=\"attachment-full size-full\" alt=\"\" srcset=\"https:\/\/duisburg.dakd.de\/wp-content\/uploads\/2024\/08\/IMG-20240401-WA00781-200x95.jpg 200w, https:\/\/duisburg.dakd.de\/wp-content\/uploads\/2024\/08\/IMG-20240401-WA00781-300x142.jpg 300w, https:\/\/duisburg.dakd.de\/wp-content\/uploads\/2024\/08\/IMG-20240401-WA00781-400x189.jpg 400w, https:\/\/duisburg.dakd.de\/wp-content\/uploads\/2024\/08\/IMG-20240401-WA00781-600x284.jpg 600w, https:\/\/duisburg.dakd.de\/wp-content\/uploads\/2024\/08\/IMG-20240401-WA00781-768x363.jpg 768w, https:\/\/duisburg.dakd.de\/wp-content\/uploads\/2024\/08\/IMG-20240401-WA00781-800x379.jpg 800w, https:\/\/duisburg.dakd.de\/wp-content\/uploads\/2024\/08\/IMG-20240401-WA00781-1024x485.jpg 1024w, https:\/\/duisburg.dakd.de\/wp-content\/uploads\/2024\/08\/IMG-20240401-WA00781-1200x568.jpg 1200w, https:\/\/duisburg.dakd.de\/wp-content\/uploads\/2024\/08\/IMG-20240401-WA00781-1536x727.jpg 1536w, https:\/\/duisburg.dakd.de\/wp-content\/uploads\/2024\/08\/IMG-20240401-WA00781.jpg 2016w\" sizes=\"(max-width: 2016px) 100vw, 2016px\" \/><\/div><\/div><\/div><div class=\"swiper-slide\"><div class=\"fusion-carousel-item-wrapper\"><div class=\"fusion-image-wrapper hover-type-none\"><img decoding=\"async\" width=\"1200\" height=\"1600\" src=\"https:\/\/duisburg.dakd.de\/wp-content\/uploads\/2024\/08\/IMG-20240507-WA00101.jpg\" class=\"attachment-full size-full\" alt=\"\" srcset=\"https:\/\/duisburg.dakd.de\/wp-content\/uploads\/2024\/08\/IMG-20240507-WA00101-200x267.jpg 200w, https:\/\/duisburg.dakd.de\/wp-content\/uploads\/2024\/08\/IMG-20240507-WA00101-225x300.jpg 225w, https:\/\/duisburg.dakd.de\/wp-content\/uploads\/2024\/08\/IMG-20240507-WA00101-400x533.jpg 400w, https:\/\/duisburg.dakd.de\/wp-content\/uploads\/2024\/08\/IMG-20240507-WA00101-600x800.jpg 600w, https:\/\/duisburg.dakd.de\/wp-content\/uploads\/2024\/08\/IMG-20240507-WA00101-768x1024.jpg 768w, https:\/\/duisburg.dakd.de\/wp-content\/uploads\/2024\/08\/IMG-20240507-WA00101-800x1067.jpg 800w, https:\/\/duisburg.dakd.de\/wp-content\/uploads\/2024\/08\/IMG-20240507-WA00101-1152x1536.jpg 1152w, https:\/\/duisburg.dakd.de\/wp-content\/uploads\/2024\/08\/IMG-20240507-WA00101.jpg 1200w\" sizes=\"(max-width: 1200px) 100vw, 1200px\" \/><\/div><\/div><\/div><div class=\"swiper-slide\"><div class=\"fusion-carousel-item-wrapper\"><div class=\"fusion-image-wrapper hover-type-none\"><img decoding=\"async\" width=\"1440\" height=\"1920\" src=\"https:\/\/duisburg.dakd.de\/wp-content\/uploads\/2024\/08\/IMG-20240507-WA00222-1.jpg\" class=\"attachment-full size-full\" alt=\"\" srcset=\"https:\/\/duisburg.dakd.de\/wp-content\/uploads\/2024\/08\/IMG-20240507-WA00222-1-200x267.jpg 200w, https:\/\/duisburg.dakd.de\/wp-content\/uploads\/2024\/08\/IMG-20240507-WA00222-1-225x300.jpg 225w, https:\/\/duisburg.dakd.de\/wp-content\/uploads\/2024\/08\/IMG-20240507-WA00222-1-400x533.jpg 400w, https:\/\/duisburg.dakd.de\/wp-content\/uploads\/2024\/08\/IMG-20240507-WA00222-1-600x800.jpg 600w, https:\/\/duisburg.dakd.de\/wp-content\/uploads\/2024\/08\/IMG-20240507-WA00222-1-768x1024.jpg 768w, https:\/\/duisburg.dakd.de\/wp-content\/uploads\/2024\/08\/IMG-20240507-WA00222-1-800x1067.jpg 800w, https:\/\/duisburg.dakd.de\/wp-content\/uploads\/2024\/08\/IMG-20240507-WA00222-1-1152x1536.jpg 1152w, https:\/\/duisburg.dakd.de\/wp-content\/uploads\/2024\/08\/IMG-20240507-WA00222-1-1200x1600.jpg 1200w, https:\/\/duisburg.dakd.de\/wp-content\/uploads\/2024\/08\/IMG-20240507-WA00222-1.jpg 1440w\" sizes=\"(max-width: 1440px) 100vw, 1440px\" \/><\/div><\/div><\/div><div class=\"swiper-slide\"><div class=\"fusion-carousel-item-wrapper\"><div class=\"fusion-image-wrapper hover-type-none\"><img decoding=\"async\" width=\"1280\" height=\"1920\" src=\"https:\/\/duisburg.dakd.de\/wp-content\/uploads\/2024\/08\/IMG-20240503-WA0042.jpg\" class=\"attachment-full size-full\" alt=\"\" srcset=\"https:\/\/duisburg.dakd.de\/wp-content\/uploads\/2024\/08\/IMG-20240503-WA0042-200x300.jpg 200w, https:\/\/duisburg.dakd.de\/wp-content\/uploads\/2024\/08\/IMG-20240503-WA0042-400x600.jpg 400w, https:\/\/duisburg.dakd.de\/wp-content\/uploads\/2024\/08\/IMG-20240503-WA0042-600x900.jpg 600w, https:\/\/duisburg.dakd.de\/wp-content\/uploads\/2024\/08\/IMG-20240503-WA0042-683x1024.jpg 683w, https:\/\/duisburg.dakd.de\/wp-content\/uploads\/2024\/08\/IMG-20240503-WA0042-768x1152.jpg 768w, https:\/\/duisburg.dakd.de\/wp-content\/uploads\/2024\/08\/IMG-20240503-WA0042-800x1200.jpg 800w, https:\/\/duisburg.dakd.de\/wp-content\/uploads\/2024\/08\/IMG-20240503-WA0042-1024x1536.jpg 1024w, https:\/\/duisburg.dakd.de\/wp-content\/uploads\/2024\/08\/IMG-20240503-WA0042-1200x1800.jpg 1200w, https:\/\/duisburg.dakd.de\/wp-content\/uploads\/2024\/08\/IMG-20240503-WA0042.jpg 1280w\" sizes=\"(max-width: 1280px) 100vw, 1280px\" \/><\/div><\/div><\/div><\/div><div class=\"awb-swiper-button awb-swiper-button-prev\"><i class=\"awb-icon-angle-left\" aria-hidden=\"true\"><\/i><\/div><div class=\"awb-swiper-button awb-swiper-button-next\"><i class=\"awb-icon-angle-right\" aria-hidden=\"true\"><\/i><\/div><\/div><\/div><\/div><\/div><div class=\"fusion-layout-column fusion_builder_column fusion-builder-column-4 fusion_builder_column_1_1 1_1 fusion-flex-column fusion-animated\" style=\"--awb-padding-right:0%;--awb-padding-left:0%;--awb-bg-size:cover;--awb-width-large:100%;--awb-margin-top-large:0px;--awb-spacing-right-large:0%;--awb-margin-bottom-large:0px;--awb-spacing-left-large:0%;--awb-width-medium:100%;--awb-spacing-right-medium:1.92%;--awb-spacing-left-medium:1.92%;--awb-width-small:100%;--awb-spacing-right-small:1.92%;--awb-spacing-left-small:1.92%;\" data-animationtype=\"fadeInDown\" data-animationduration=\"1.0\" data-animationoffset=\"top-into-view\"><div class=\"fusion-column-wrapper fusion-column-has-shadow fusion-flex-justify-content-flex-start fusion-content-layout-column\"><\/div><\/div><\/div><\/div><\/p>","protected":false},"excerpt":{"rendered":"","protected":false},"author":12,"featured_media":0,"parent":0,"menu_order":0,"comment_status":"closed","ping_status":"closed","template":"100-width.php","meta":{"footnotes":""},"class_list":["post-5680","page","type-page","status-publish","hentry"],"_links":{"self":[{"href":"https:\/\/duisburg.dakd.de\/am\/wp-json\/wp\/v2\/pages\/5680","targetHints":{"allow":["GET"]}}],"collection":[{"href":"https:\/\/duisburg.dakd.de\/am\/wp-json\/wp\/v2\/pages"}],"about":[{"href":"https:\/\/duisburg.dakd.de\/am\/wp-json\/wp\/v2\/types\/page"}],"author":[{"embeddable":true,"href":"https:\/\/duisburg.dakd.de\/am\/wp-json\/wp\/v2\/users\/12"}],"replies":[{"embeddable":true,"href":"https:\/\/duisburg.dakd.de\/am\/wp-json\/wp\/v2\/comments?post=5680"}],"version-history":[{"count":2,"href":"https:\/\/duisburg.dakd.de\/am\/wp-json\/wp\/v2\/pages\/5680\/revisions"}],"predecessor-version":[{"id":17286,"href":"https:\/\/duisburg.dakd.de\/am\/wp-json\/wp\/v2\/pages\/5680\/revisions\/17286"}],"wp:attachment":[{"href":"https:\/\/duisburg.dakd.de\/am\/wp-json\/wp\/v2\/media?parent=5680"}],"curies":[{"name":"wp","href":"https:\/\/api.w.org\/{rel}","templated":true}]}}