{"id":13092,"date":"2022-06-14T07:10:44","date_gmt":"2022-06-14T05:10:44","guid":{"rendered":"https:\/\/neuwied.dakd.de\/?page_id=13092"},"modified":"2025-10-07T14:43:40","modified_gmt":"2025-10-07T12:43:40","slug":"gemeindevorstand","status":"publish","type":"page","link":"https:\/\/duisburg.dakd.de\/am\/gemeindevorstand\/","title":{"rendered":"Gemeindevorstand"},"content":{"rendered":"<div class=\"fusion-fullwidth fullwidth-box fusion-builder-row-1 fusion-flex-container nonhundred-percent-fullwidth non-hundred-percent-height-scrolling\" style=\"--awb-border-radius-top-left:0px;--awb-border-radius-top-right:0px;--awb-border-radius-bottom-right:0px;--awb-border-radius-bottom-left:0px;--awb-flex-wrap:wrap;\" ><div class=\"fusion-builder-row fusion-row fusion-flex-align-items-flex-start fusion-flex-content-wrap\" style=\"max-width:1248px;margin-left: calc(-4% \/ 2 );margin-right: calc(-4% \/ 2 );\"><div class=\"fusion-layout-column fusion_builder_column fusion-builder-column-0 fusion_builder_column_2_3 2_3 fusion-flex-column\" style=\"--awb-bg-size:cover;--awb-width-large:66.666666666667%;--awb-margin-top-large:0px;--awb-spacing-right-large:2.88%;--awb-margin-bottom-large:20px;--awb-spacing-left-large:2.88%;--awb-width-medium:100%;--awb-order-medium:0;--awb-spacing-right-medium:1.92%;--awb-spacing-left-medium:1.92%;--awb-width-small:100%;--awb-order-small:0;--awb-spacing-right-small:1.92%;--awb-spacing-left-small:1.92%;\"><div class=\"fusion-column-wrapper fusion-column-has-shadow fusion-flex-justify-content-flex-start fusion-content-layout-column\"><div class=\"fusion-title title fusion-title-1 fusion-sep-none fusion-title-text fusion-title-size-one\"><h1 class=\"fusion-title-heading title-heading-left\" style=\"margin:0;\"><p class=\"title-heading-left\">Gemeindevorstand<\/p><\/h1><\/div><div class=\"fusion-text fusion-text-1\" style=\"--awb-text-transform:none;\"><p>Dem Leitungsgremium der Armenischen Gemeinde im Ruhrgebiet e.V. geh\u00f6ren sieben gew\u00e4hlte Vorstandsmitglieder an, dazu kommt der Gemeindepfarrer. Der Vorsitzende, der stellvertretende Vorsitzende, der Kassenwart und der Gemeindepfarrer bilden den Gemeindevorstand im Sinne des Gesetzes (\u00a7 26 BGB).<\/p>\n<p>Im Vorstand wird der Haushalt der Gemeinde beschlossen. Au\u00dferdem werden alle wichtigen Themen des Gemeindelebens besprochen und \u00fcber die Durchf\u00fchrung von Veranstaltungen beraten.<\/p>\n<p>Der Gemeindevorstand wird jeweils f\u00fcr drei Jahre gew\u00e4hlt und kann anschlie\u00dfend wiedergew\u00e4hlt werden. Die letzten Gemeindewahlen fanden 2025 statt.<\/p>\n<p>Der Vorstand der Gemeinde wurde zuletzt <span class=\"nolink\">am 01.06.2025<\/span>\u00a0gew\u00e4hlt.<\/p>\n<p><strong>Vorstand:<\/strong><\/p>\n<ul>\n<li><strong>Ehrenvorsitzender \u2013 Pfr. Jeghische Vartapet\u00a0 AVETISYAN<\/strong><\/li>\n<li><strong>Vorstandsvorsitzende \u2013 Frau Madlen BERTIZILIAN<\/strong><\/li>\n<li><strong>Stellv. Vorsitzender \u2013 Herr Armenag BIDROS<\/strong><\/li>\n<li><strong>Kassenwart \u2013 Frau Lusin BARMAKSZIAN<\/strong><\/li>\n<li><strong>Stellv. Kassenwart \u2013 Herr Tigran MADOYAN<\/strong><\/li>\n<li><strong>Schriftf\u00fchrerin \u2013 Frau Zoi CHATSATOUROVA<\/strong><\/li>\n<li><strong>Stellv. Schriftf\u00fchrer\u2013 Herr Sarkis KAZANJIAN<\/strong><\/li>\n<\/ul>\n<p><strong>\u00a0<\/strong><\/p>\n<p><strong>Di\u00f6zesandelegierte:<\/strong><\/p>\n<ul>\n<li><strong>Herrn Raffi BEDIKIAN<\/strong><\/li>\n<li><strong>Herrn Faskin GHAZARIAN<\/strong><\/li>\n<\/ul>\n<\/div><div class=\"fusion-slider-sc\"><div class=\"fusion-flexslider-loading flexslider flexslider-hover-type-none\" data-slideshow_autoplay=\"1\" data-slideshow_smooth_height=\"1\" data-slideshow_speed=\"7000\" style=\"max-width:100%;height:100%;\"><ul class=\"slides\"><li class=\"image\"><span class=\"fusion-image-hover-element hover-type-none\"><img decoding=\"async\" src=\"https:\/\/duisburg.dakd.de\/wp-content\/uploads\/2024\/08\/IMG-20240507-WA00222-1.jpg\" width=\"1440\" height=\"1920\" class=\"wp-image-17275\" srcset=\"https:\/\/duisburg.dakd.de\/wp-content\/uploads\/2024\/08\/IMG-20240507-WA00222-1-200x267.jpg 200w, https:\/\/duisburg.dakd.de\/wp-content\/uploads\/2024\/08\/IMG-20240507-WA00222-1-400x533.jpg 400w, https:\/\/duisburg.dakd.de\/wp-content\/uploads\/2024\/08\/IMG-20240507-WA00222-1-600x800.jpg 600w, https:\/\/duisburg.dakd.de\/wp-content\/uploads\/2024\/08\/IMG-20240507-WA00222-1-800x1067.jpg 800w, https:\/\/duisburg.dakd.de\/wp-content\/uploads\/2024\/08\/IMG-20240507-WA00222-1-1200x1600.jpg 1200w, https:\/\/duisburg.dakd.de\/wp-content\/uploads\/2024\/08\/IMG-20240507-WA00222-1.jpg 1440w\" sizes=\"(max-width: 1024px) 100vw, (max-width: 640px) 100vw, 800px\" \/><\/span><\/li><\/ul><\/div><\/div><\/div><\/div><div class=\"fusion-layout-column fusion_builder_column fusion-builder-column-1 fusion_builder_column_1_3 1_3 fusion-flex-column\" style=\"--awb-padding-top:20px;--awb-padding-right:20px;--awb-padding-bottom:20px;--awb-padding-left:20px;--awb-bg-color:var(--awb-color4);--awb-bg-color-hover:var(--awb-color4);--awb-bg-size:cover;--awb-width-large:33.333333333333%;--awb-margin-top-large:0px;--awb-spacing-right-large:5.76%;--awb-margin-bottom-large:20px;--awb-spacing-left-large:5.76%;--awb-width-medium:100%;--awb-order-medium:0;--awb-spacing-right-medium:1.92%;--awb-spacing-left-medium:1.92%;--awb-width-small:100%;--awb-order-small:0;--awb-spacing-right-small:1.92%;--awb-spacing-left-small:1.92%;\"><div class=\"fusion-column-wrapper fusion-column-has-shadow fusion-flex-justify-content-flex-start fusion-content-layout-column\"><div class=\"fusion-title title fusion-title-2 fusion-sep-none fusion-title-text fusion-title-size-three\"><h3 class=\"fusion-title-heading title-heading-left\" style=\"margin:0;\">Schreiben Sie uns&#8230;<\/h3><\/div><div class=\"fusion-text fusion-text-2\" style=\"--awb-text-transform:none;\"><p>Haben Sie Fragen, Anregungen, W\u00fcnsche? Dann schreiben Sie uns!<\/p>\n<\/div><div class=\"fusion-text fusion-text-3\" style=\"--awb-text-transform:none;\"><p>duisburg@dakd.de<\/p>\n<\/div><\/div><\/div><\/div><\/div>","protected":false},"excerpt":{"rendered":"","protected":false},"author":12,"featured_media":0,"parent":0,"menu_order":0,"comment_status":"closed","ping_status":"closed","template":"","meta":{"footnotes":""},"class_list":["post-13092","page","type-page","status-publish","hentry"],"_links":{"self":[{"href":"https:\/\/duisburg.dakd.de\/am\/wp-json\/wp\/v2\/pages\/13092","targetHints":{"allow":["GET"]}}],"collection":[{"href":"https:\/\/duisburg.dakd.de\/am\/wp-json\/wp\/v2\/pages"}],"about":[{"href":"https:\/\/duisburg.dakd.de\/am\/wp-json\/wp\/v2\/types\/page"}],"author":[{"embeddable":true,"href":"https:\/\/duisburg.dakd.de\/am\/wp-json\/wp\/v2\/users\/12"}],"replies":[{"embeddable":true,"href":"https:\/\/duisburg.dakd.de\/am\/wp-json\/wp\/v2\/comments?post=13092"}],"version-history":[{"count":5,"href":"https:\/\/duisburg.dakd.de\/am\/wp-json\/wp\/v2\/pages\/13092\/revisions"}],"predecessor-version":[{"id":17695,"href":"https:\/\/duisburg.dakd.de\/am\/wp-json\/wp\/v2\/pages\/13092\/revisions\/17695"}],"wp:attachment":[{"href":"https:\/\/duisburg.dakd.de\/am\/wp-json\/wp\/v2\/media?parent=13092"}],"curies":[{"name":"wp","href":"https:\/\/api.w.org\/{rel}","templated":true}]}}